{"id":38,"date":"2025-12-24T10:02:28","date_gmt":"2025-12-24T10:02:28","guid":{"rendered":""},"modified":"2026-03-27T16:04:49","modified_gmt":"2026-03-27T16:04:49","slug":"o-nas","status":"publish","type":"page","link":"https:\/\/elpron.pl\/index.php\/o-nas\/","title":{"rendered":"o nas"},"content":{"rendered":"\t\t<div data-elementor-type=\"wp-page\" data-elementor-id=\"38\" class=\"elementor elementor-38\">\n\t\t\t\t<div class=\"elementor-element elementor-element-26ff672 e-flex e-con-boxed e-con e-parent\" data-id=\"26ff672\" data-element_type=\"container\">\n\t\t\t\t\t<div class=\"e-con-inner\">\n\t\t\t\t<div class=\"elementor-element elementor-element-d4e11ab elementor-widget elementor-widget-text-editor\" data-id=\"d4e11ab\" data-element_type=\"widget\" data-widget_type=\"text-editor.default\">\n\t\t\t\t\t\t\t\t\t<!-- ELPRON - O NAS -->\n<div class=\"elpron-about\">\n\n  <!-- HERO -->\n  <section class=\"elprab-hero\">\n    <div class=\"elprab-container\">\n      <p class=\"elprab-kicker\">Elpron \u2022 O nas<\/p>\n      <h1>O nas<\/h1>\n      <p class=\"elprab-lead\">\n        Elpron to pracownia projektowa wywodz\u0105ca si\u0119 z Limanowej. Tworzymy projekty instalacji elektrycznych m.in.\n        dla dom\u00f3w, hal i biurowc\u00f3w \u2014 na terenie ca\u0142ego kraju. Wsp\u00f3\u0142pracujemy z biurami architektonicznymi.\n      <\/p>\n\n      <!-- <div class=\"elprab-hero__meta\">\n        <div class=\"elprab-pill\">Limanowa \u2022 Podhale \u2022 Ma\u0142opolska<\/div>\n        <div class=\"elprab-pill\">Warszawa \u2022 Pozna\u0144 \u2022 Gda\u0144sk<\/div>\n        <div class=\"elprab-pill\">Projekty: koncepcja \/ techniczny \/ wykonawczy<\/div>\n      <\/div> -->\n    <\/div>\n  <\/section>\n\n  <!-- ABOUT + PHOTO -->\n  <section class=\"elprab-section\">\n    <div class=\"elprab-container\">\n      <div class=\"elprab-grid\">\n\n        <div class=\"elprab-text\">\n          <h2>Projektanci instalacji elektrycznych<\/h2>\n          <p>\n            Specjalizujemy si\u0119 w projektowaniu instalacji elektrycznych oraz elektroenergetycznych.\n            Naszym celem jest dokumentacja, kt\u00f3ra jest nie tylko zgodna z przepisami i normami,\n            ale przede wszystkim czytelna i wygodna do realizacji na budowie z zachowaniem aktualnej wiedzy technicznej.\n          <\/p>\n          <p>\n            W pracy stawiamy na logiczny podzia\u0142 obwod\u00f3w, w\u0142a\u015bciwy dob\u00f3r zabezpiecze\u0144, przejrzyste dokumentacje\n            oraz rozwi\u0105zania dopasowane do funkcji obiektu i reali\u00f3w wykonawczych. Dzi\u0119ki temu inwestor zyskuje\n            kontrol\u0119 nad zakresem i kosztami, a wykonawca jasne wytyczne bez domys\u0142\u00f3w. Zawsze stawiamy na pierwszym miejscu jako\u015b\u0107 oraz terminowo\u015b\u0107.\n          <\/p>\n\n          <div class=\"elprab-highlights\">\n            <div class=\"elprab-highlight\">\n              <strong>Praktyczne podej\u015bcie<\/strong><br>\n              Projekty dopasowane do reali\u00f3w monta\u017cu oraz specyfiki obiektu.\n            <\/div>\n            <div class=\"elprab-highlight\">\n              <strong>Czytelna dokumentacja<\/strong><br>\n              Schematy, opisy i specyfikacje w jednym standardzie.\n            <\/div>\n            <div class=\"elprab-highlight\">\n              <strong>Wsparcie na etapie realizacji<\/strong><br>\n              Konsultacje i doprecyzowania rozwi\u0105za\u0144.\n            <\/div>\n          <\/div>\n        <\/div>\n\n        <div class=\"elprab-card elprab-photo\">\n          <h3>Zesp\u00f3\u0142 wykwalifikowanych projektant\u00f3w<\/h3>\n         \n          <div class=\"elprab-photo__img\" style=\"background-image:url('https:\/\/elpron.pl\/wp-content\/uploads\/2025\/12\/Managing-a-project-team-e1713969025929-300x207.webp');\"><\/div>\n          <p class=\"elprab-muted\" style=\"margin-top:10px;\">\n            \n          <\/p>\n        <\/div>\n\n      <\/div>\n    <\/div>\n  <\/section>\n\n  <!-- UPRAWNIENIA -->\n  <section class=\"elprab-section elprab-section--alt\">\n    <div class=\"elprab-container\">\n      <div class=\"elprab-grid2\">\n        <div>\n          <h2>Uprawnienia budowlane<\/h2>\n          <p class=\"elprab-subtitle\">\n            Posiadamy uprawnienia budowlane <strong>bez ogranicze\u0144<\/strong> do projektowania i kierowania robotami budowlanymi w specjalno\u015bci instalacyjnej\n            w zakresie sieci, instalacji i urz\u0105dze\u0144 elektrycznych i elektroenergetycznych.\n          <\/p>\n\n        <!--  <div class=\"elprab-info\">\n            <div class=\"elprab-info__item\">\n              <strong>Zakres:<\/strong> sieci, instalacje i urz\u0105dzenia elektryczne i elektroenergetyczne\n            <\/div>\n            <div class=\"elprab-info__item\">\n              <strong>Forma:<\/strong> dokumentacja projektowa + wsparcie na etapie realizacji\n            <\/div>\n            <div class=\"elprab-info__item\">\n              <strong>Obiekty:<\/strong> domy, hale, biurowce, modernizacje\n            <\/div>\n          <\/div> -->\n        <\/div>\n\n        <div class=\"elprab-card elprab-permits\">\n          <h3>Uprawnienia<\/h3>\n          <p class=\"elprab-muted\">\n           <!-- Wklej URL obrazka z WordPress Media w miejsce  <code>UPRAWNIENIA_IMAGE_URL<\/code>.-->\n          <\/p>\n\n          <a class=\"elprab-permits__link\" href=\"https:\/\/elpron.pl\/wp-content\/uploads\/2026\/01\/upr-MP_page-0001-1.jpg\" target=\"_blank\" rel=\"noopener\">\n            <div class=\"elprab-permits__img\" style=\"background-image:url('https:\/\/elpron.pl\/wp-content\/uploads\/2026\/01\/upr-MP_page-0001-1.jpg');\"><\/div>\n            <div class=\"elprab-permits__cta\">Kliknij, aby otworzy\u0107 w pe\u0142nym rozmiarze<\/div>\n          <\/a>\n\n          <p class=\"elprab-muted\" style=\"margin-top:10px;\">\n           <!-- Je\u015bli wolisz PDF zamiast zdj\u0119cia, wstaw link do PDF w <code>href<\/code> powy\u017cej. -->\n          <\/p>\n        <\/div>\n\n      <\/div>\n    <\/div>\n  <\/section>\n\n  <!-- HOW WE WORK -->\n  <section class=\"elprab-section\">\n    <div class=\"elprab-container\">\n      <h2>Jak pracujemy<\/h2>\n      <div class=\"elprab-steps\">\n        <div class=\"elprab-step\">\n          <div class=\"elprab-step__num\">1<\/div>\n          <div>\n            <h3>Analiza potrzeb<\/h3>\n            <p>Rzuty, wymagania inwestora, funkcja obiektu i warunki techniczne.<\/p>\n          <\/div>\n        <\/div>\n        <div class=\"elprab-step\">\n          <div class=\"elprab-step__num\">2<\/div>\n          <div>\n            <h3>Koncepcja<\/h3>\n            <p>Uk\u0142ad instalacji, podzia\u0142 obwod\u00f3w, propozycje rozwi\u0105za\u0144 i optymalizacja.<\/p>\n          <\/div>\n        <\/div>\n        <div class=\"elprab-step\">\n          <div class=\"elprab-step__num\">3<\/div>\n          <div>\n            <h3>Projekt i dokumentacja<\/h3>\n            <p>Rysunki, schematy, opisy, specyfikacje, obliczenia \u2014 gotowe do uzgodnie\u0144 i realizacji.<\/p>\n          <\/div>\n        <\/div>\n        <div class=\"elprab-step\">\n          <div class=\"elprab-step__num\">4<\/div>\n          <div>\n            <h3>Wsparcie realizacji<\/h3>\n            <p>Konsultacje, doprecyzowania, aktualizacje i odpowiedzi dla wykonawcy.<\/p>\n          <\/div>\n        <\/div>\n      <\/div>\n    <\/div>\n  <\/section>\n\n  <!-- CTA -->\n  <section class=\"elprab-cta\">\n    <div class=\"elprab-container\">\n      <div class=\"elprab-cta__box\">\n        <div>\n          <h2 style=\"color: #ffffff;\">Chcesz porozmawia\u0107 o projekcie?<\/h2>\n          <p>Napisz lub zadzwo\u0144 \u2014 podchodzimy indywidualnie do sprawy.<\/p>\n        <\/div>\n        <div class=\"elprab-cta__actions\">\n          <a class=\"elprab-btn elprab-btn--primary\" href=\"index.php\/kontakt\/\">Kontakt<\/a>\n          <a class=\"elprab-btn elprab-btn--ghost\" href=\"mailto:biuro@elpron.pl\">Napisz e-mail<\/a>\n        <\/div>\n      <\/div>\n    <\/div>\n  <\/section>\n\n<\/div>\n\n<style>\n  .elpron-about{font-family:system-ui,-apple-system,Segoe UI,Roboto,Arial,sans-serif;color:#111}\n  .elprab-container{width:min(1100px,calc(100% - 40px));margin:0 auto}\n\n  .elprab-hero{padding:64px 0 36px;background:linear-gradient(180deg,#f7f7fb 0%,#fff 70%)}\n  .elprab-kicker{letter-spacing:.08em;text-transform:uppercase;font-size:12px;opacity:.75;margin:0 0 10px}\n  .elprab-hero h1{font-size:clamp(30px,4vw,46px);line-height:1.05;margin:0 0 12px}\n  .elprab-lead{font-size:18px;line-height:1.5;opacity:.9;max-width:90ch;margin:0}\n\n  .elprab-hero__meta{display:flex;gap:10px;flex-wrap:wrap;margin-top:16px}\n  .elprab-pill{font-size:13px;padding:8px 12px;border-radius:999px;border:1px solid rgba(0,0,0,.12);background:#fff;opacity:.92}\n\n  .elprab-section{padding:56px 0}\n  .elprab-section--alt{background:#f7f7fb}\n  .elprab-section h2{font-size:28px;margin:0 0 12px}\n  .elprab-subtitle{opacity:.88;max-width:85ch;margin:0 0 14px}\n  .elprab-muted{opacity:.75;margin:.35rem 0 0;line-height:1.45}\n\n  .elprab-grid{display:grid;grid-template-columns:1.2fr .8fr;gap:18px;align-items:start}\n  @media(max-width:950px){.elprab-grid{grid-template-columns:1fr}}\n\n  .elprab-text p{line-height:1.6;opacity:.92;margin:0 0 12px}\n\n  .elprab-highlights{display:grid;grid-template-columns:repeat(3,1fr);gap:12px;margin-top:16px}\n  @media(max-width:950px){.elprab-highlights{grid-template-columns:1fr}}\n  .elprab-highlight{background:#fff;border:1px solid rgba(0,0,0,.08);border-radius:16px;padding:14px;box-shadow:0 10px 30px rgba(0,0,0,.04)}\n\n  .elprab-card{background:#fff;border:1px solid rgba(0,0,0,.08);border-radius:18px;padding:18px;box-shadow:0 10px 30px rgba(0,0,0,.04)}\n  .elprab-card h3{margin:0 0 8px;font-size:16px}\n\n  .elprab-photo__img{height:260px;border-radius:16px;border:1px solid rgba(0,0,0,.08);background:#f0f0f5;background-size:cover;background-position:center;margin-top:12px}\n\n  .elprab-grid2{display:grid;grid-template-columns:1.1fr .9fr;gap:18px;align-items:start}\n  @media(max-width:950px){.elprab-grid2{grid-template-columns:1fr}}\n\n  .elprab-info{display:grid;gap:10px;margin-top:12px}\n  .elprab-info__item{padding:12px 14px;border-radius:14px;border:1px solid rgba(0,0,0,.08);background:#fff}\n\n  .elprab-permits__link{display:block;text-decoration:none;color:#111}\n  .elprab-permits__img{height:320px;border-radius:16px;border:1px solid rgba(0,0,0,.08);background:#f0f0f5;background-size:cover;background-position:center;margin-top:12px}\n  .elprab-permits__cta{margin-top:10px;font-size:14px;opacity:.85;border-top:1px solid rgba(0,0,0,.08);padding-top:10px}\n\n  .elprab-steps{display:grid;gap:12px;margin-top:14px}\n  .elprab-step{display:flex;gap:12px;background:#fff;border:1px solid rgba(0,0,0,.08);border-radius:18px;padding:16px}\n  .elprab-step__num{width:34px;height:34px;border-radius:12px;display:grid;place-items:center;background:#111;color:#fff;font-weight:700;flex:0 0 auto}\n  .elprab-step h3{margin:0 0 4px;font-size:16px}\n  .elprab-step p{margin:0;opacity:.9;line-height:1.5}\n\n  .elprab-cta{padding:56px 0;background:#111;color:#fff}\n  .elprab-cta__box{display:flex;gap:18px;align-items:center;justify-content:space-between;flex-wrap:wrap;border:1px solid rgba(255,255,255,.18);border-radius:22px;padding:22px;background:rgba(255,255,255,.06)}\n  .elprab-cta h2{margin:0 0 8px;font-size:26px}\n  .elprab-cta p{margin:0;opacity:.92;max-width:80ch}\n  .elprab-cta__actions{display:flex;gap:10px;flex-wrap:wrap}\n\n  .elprab-btn{display:inline-flex;align-items:center;justify-content:center;padding:12px 18px;border-radius:14px;text-decoration:none;border:1px solid rgba(255,255,255,.35);transition:transform .08s ease, background .2s ease}\n  .elprab-btn:hover{transform:translateY(-1px)}\n  .elprab-btn--primary{background:#fff;color:#111;border-color:#fff}\n  .elprab-btn--ghost{background:transparent;color:#fff}\n<\/style>\n\t\t\t\t\t\t\t\t<\/div>\n\t\t\t\t\t<\/div>\n\t\t\t\t<\/div>\n\t\t<div class=\"elementor-element elementor-element-0eb67f3 e-flex e-con-boxed e-con e-parent\" data-id=\"0eb67f3\" data-element_type=\"container\">\n\t\t\t\t\t<div class=\"e-con-inner\">\n\t\t\t\t<div class=\"elementor-element elementor-element-b50584f elementor-widget elementor-widget-text-editor\" data-id=\"b50584f\" data-element_type=\"widget\" data-widget_type=\"text-editor.default\">\n\t\t\t\t\t\t\t\t\t<p>Lorem ipsum dolor sit amet, consectetur adipiscing elit. Ut elit tellus, luctus nec ullamcorper mattis, pulvinar dapibus leo.<\/p>\t\t\t\t\t\t\t\t<\/div>\n\t\t\t\t\t<\/div>\n\t\t\t\t<\/div>\n\t\t\t\t<\/div>\n\t\t","protected":false},"excerpt":{"rendered":"<p>Elpron \u2022 O nas O nas Elpron to pracownia projektowa [&hellip;]<\/p>\n","protected":false},"author":1,"featured_media":0,"parent":0,"menu_order":0,"comment_status":"closed","ping_status":"closed","template":"","meta":{"footnotes":""},"class_list":["post-38","page","type-page","status-publish","hentry"],"_links":{"self":[{"href":"https:\/\/elpron.pl\/index.php\/wp-json\/wp\/v2\/pages\/38","targetHints":{"allow":["GET"]}}],"collection":[{"href":"https:\/\/elpron.pl\/index.php\/wp-json\/wp\/v2\/pages"}],"about":[{"href":"https:\/\/elpron.pl\/index.php\/wp-json\/wp\/v2\/types\/page"}],"author":[{"embeddable":true,"href":"https:\/\/elpron.pl\/index.php\/wp-json\/wp\/v2\/users\/1"}],"replies":[{"embeddable":true,"href":"https:\/\/elpron.pl\/index.php\/wp-json\/wp\/v2\/comments?post=38"}],"version-history":[{"count":57,"href":"https:\/\/elpron.pl\/index.php\/wp-json\/wp\/v2\/pages\/38\/revisions"}],"predecessor-version":[{"id":355,"href":"https:\/\/elpron.pl\/index.php\/wp-json\/wp\/v2\/pages\/38\/revisions\/355"}],"wp:attachment":[{"href":"https:\/\/elpron.pl\/index.php\/wp-json\/wp\/v2\/media?parent=38"}],"curies":[{"name":"wp","href":"https:\/\/api.w.org\/{rel}","templated":true}]}}